{"id":12338,"date":"2022-04-15T05:02:31","date_gmt":"2022-04-15T05:02:31","guid":{"rendered":"https:\/\/diary.challengedyouth.eu\/uzsiregistruoti\/"},"modified":"2023-01-24T06:42:56","modified_gmt":"2023-01-24T06:42:56","slug":"uzsiregistruoti","status":"publish","type":"page","link":"https:\/\/diary.challengedyouth.eu\/lt\/uzsiregistruoti\/","title":{"rendered":"U\u017esiregistruoti"},"content":{"rendered":"\t\t<div data-elementor-type=\"wp-page\" data-elementor-id=\"12338\" class=\"elementor elementor-12338 elementor-248\">\n\t\t\t\t\t\t\t\t\t<section data-marvy_enable_ripples_animation=\"false\" class=\"elementor-section elementor-top-section elementor-element elementor-element-9c28ce3 elementor-section-stretched elementor-section-full_width elementor-section-height-full elementor-section-content-middle elementor-section-height-default elementor-section-items-middle elementor-invisible\" data-id=\"9c28ce3\" data-element_type=\"section\" data-settings=\"{&quot;stretch_section&quot;:&quot;section-stretched&quot;,&quot;animation&quot;:&quot;fadeIn&quot;,&quot;animation_delay&quot;:100,&quot;background_background&quot;:&quot;classic&quot;}\">\n\t\t\t\t\t\t<div class=\"elementor-container elementor-column-gap-default\">\n\t\t\t\t\t<div class=\"elementor-column elementor-col-50 elementor-top-column elementor-element elementor-element-6879e28 elementor-hidden-mobile\" data-id=\"6879e28\" data-element_type=\"column\">\n\t\t\t<div class=\"elementor-widget-wrap elementor-element-populated\">\n\t\t\t\t\t\t\t\t<div data-marvy_enable_ripples_animation=\"true\" data-marvy_ripples_animation_circle_color=\"#254571\" data-marvy_ripples_animation_circle_position=\"center\" data-marvy_ripples_animation_circle_size=\"170\" class=\"elementor-section elementor-inner-section elementor-element elementor-element-666eef2 elementor-section-height-full elementor-section-content-middle elementor-section-boxed elementor-section-height-default\" data-id=\"666eef2\" data-element_type=\"section\" data-settings=\"{&quot;background_background&quot;:&quot;classic&quot;}\">\n\t\t\t\t\t\t<div class=\"elementor-container elementor-column-gap-default\">\n\t\t\t\t\t<div class=\"elementor-column elementor-col-100 elementor-inner-column elementor-element elementor-element-18749e2\" data-id=\"18749e2\" data-element_type=\"column\">\n\t\t\t<div class=\"elementor-widget-wrap elementor-element-populated\">\n\t\t\t\t\t\t\t\t<div class=\"elementor-element elementor-element-7458701 elementor-widget elementor-widget-iqonic_imageBox\" data-id=\"7458701\" data-element_type=\"widget\" data-widget_type=\"iqonic_imageBox.default\">\n\t\t\t\t<div class=\"elementor-widget-container\">\n\t\t\t        <div class=\"socialv-imagebox socialv-style1\">\r\n            <div class=\"socialv-image-box socialv-widget-swiper\" data-slide=\"1\" data-loop=\"true\" data-speed=\"1000\" data-spacebtslide=\"40\" data-autoplay=\"4000\" data-laptop=\"1\" data-tab=\"1\" data-mobile=\"1\" data-navnext=\"navnext_25\" data-navprev=\"navprev_25\" data-pagination=\"pagination_25\">\r\n                <ul class=\"list-inline m-0 swiper-wrapper\">\r\n                                            <li class=\"swiper-slide\">\r\n                            <div class=\" socialv-image-box-data\">\r\n                                                                    <div class=\"image-box\">\r\n                                                                                    <img decoding=\"async\" src=\"https:\/\/wordpress.iqonic.design\/product\/wp\/socialv\/wp-content\/uploads\/2022\/06\/image-1-scaled.jpg\" alt=\"Image\" loading=\"lazy\" \/>\r\n                                                                                <\/div>\r\n                                                                <div class=\"images-data-info\">\r\n                                    <h3 class=\"title\">Susisiekite su pasauliu <\/h3>                                    <p class=\"desc\">Jau seniai \u017einomas faktas, kad skaitytoj\u0105 atitrauks skaitomas turinys.<\/p>                                <\/div>\r\n                            <\/div>\r\n                        <\/li>\r\n                                            <li class=\"swiper-slide\">\r\n                            <div class=\" socialv-image-box-data\">\r\n                                                                    <div class=\"image-box\">\r\n                                                                                    <img decoding=\"async\" src=\"https:\/\/wordpress.iqonic.design\/product\/wp\/socialv\/wp-content\/uploads\/2022\/06\/image-2-scaled.jpg\" alt=\"Image\" loading=\"lazy\" \/>\r\n                                                                                <\/div>\r\n                                                                <div class=\"images-data-info\">\r\n                                    <h3 class=\"title\">Sustiprink savo draugyst\u0119 <\/h3>                                    <p class=\"desc\">Jau seniai \u017einomas faktas, kad skaitytoj\u0105 atitrauks skaitomas turinys.<\/p>                                <\/div>\r\n                            <\/div>\r\n                        <\/li>\r\n                                            <li class=\"swiper-slide\">\r\n                            <div class=\" socialv-image-box-data\">\r\n                                                                    <div class=\"image-box\">\r\n                                                                                    <img decoding=\"async\" src=\"https:\/\/wordpress.iqonic.design\/product\/wp\/socialv\/wp-content\/uploads\/2022\/06\/image-3-scaled.jpg\" alt=\"Image\" loading=\"lazy\" \/>\r\n                                                                                <\/div>\r\n                                                                <div class=\"images-data-info\">\r\n                                    <h3 class=\"title\">Kartu yra geriau <\/h3>                                    <p class=\"desc\">Jau seniai \u017einomas faktas, kad skaitytoj\u0105 atitrauks skaitomas turinys.<\/p>                                <\/div>\r\n                            <\/div>\r\n                        <\/li>\r\n                                    <\/ul>\r\n            <\/div>\r\n            <!-- Navigation start -->\r\n                            <div class=\"swiper-pagination css-prefix-pagination-align\" id=\"pagination_25\"><\/div>\r\n                    <\/div>\r\n        \t\t<\/div>\n\t\t\t\t<\/div>\n\t\t\t\t\t<\/div>\n\t\t<\/div>\n\t\t\t\t\t\t\t<\/div>\n\t\t<\/div>\n\t\t\t\t\t<\/div>\n\t\t<\/div>\n\t\t\t\t<div class=\"elementor-column elementor-col-50 elementor-top-column elementor-element elementor-element-560a707 socialv-background-white authpage\" data-id=\"560a707\" data-element_type=\"column\">\n\t\t\t<div class=\"elementor-widget-wrap elementor-element-populated\">\n\t\t\t\t\t\t\t\t<div data-marvy_enable_ripples_animation=\"false\" class=\"elementor-section elementor-inner-section elementor-element elementor-element-2b6d9e1 elementor-section-height-full elementor-section-content-middle register-page-scroll elementor-section-boxed elementor-section-height-default\" data-id=\"2b6d9e1\" data-element_type=\"section\">\n\t\t\t\t\t\t<div class=\"elementor-container elementor-column-gap-default\">\n\t\t\t\t\t<div class=\"elementor-column elementor-col-100 elementor-inner-column elementor-element elementor-element-974c73d\" data-id=\"974c73d\" data-element_type=\"column\">\n\t\t\t<div class=\"elementor-widget-wrap elementor-element-populated\">\n\t\t\t\t\t\t\t\t<div class=\"elementor-element elementor-element-3e172d0 elementor-widget elementor-widget-shortcode\" data-id=\"3e172d0\" data-element_type=\"widget\" data-widget_type=\"shortcode.default\">\n\t\t\t\t<div class=\"elementor-widget-container\">\n\t\t\t\t\t<div class=\"elementor-shortcode\">\t\t<div id=\"user_registerform\" class=\"card-main socialv-bp-login\">\n\t\t\t<div class=\"card-inner\">\n\t\t\t\t<div class=\"socialv-login-form\">\n\t\t\t\t\t<div class=\"socialv-info text-center\">\t\t<a class=\"navbar-brand socialv-logo  \" href=\"https:\/\/diary.challengedyouth.eu\/lt\/\">\n\t\t\t\t\t\t<div class=\"logo-main\">\n\t\t\t\t<div class=\"logo-normal\"><img decoding=\"async\" class=\"img-fluid logo\" loading=\"lazy\" src=\"https:\/\/diary.challengedyouth.eu\/wp-content\/uploads\/2022\/11\/challenged_cover3.jpg\" alt=\"socialv\"><\/div>\t\t\t<\/div>\n\t\t<\/a>\n\t<p>Welcome to Challenged Diary, platform to connect with the social world<\/p><\/div>\t\t\t\t\t\t\t\t\t\t\t\t\t\t\t\t\t<form id=\"registerform\" action=\"\/lt\/wp-json\/wp\/v2\/pages\/12338\" method=\"POST\">\n\t\t\t\t\t\t\t<div class=\"row\">\n\t\t\t\t\t\t\t\t<div class=\"col-md-12\">\n\t\t\t\t\t\t\t\t\t<div class=\"register-firstname\">\n\t\t\t\t\t\t\t\t\t\t<label>Vardas<\/label>\n\t\t\t\t\t\t\t\t\t\t<div class=\"input-group mb-3\">\n\t\t\t\t\t\t\t\t\t\t\t<span class=\"input-group-text\"><i class=\"iconly-Add-User icli\"><\/i><\/span>\n\t\t\t\t\t\t\t\t\t\t\t<input class=\"form-control\" name=\"socialv_user_first\" id=\"socialv_user_first\" type=\"text\" placeholder=\"Vardas\" required \/>\n\t\t\t\t\t\t\t\t\t\t<\/div>\n\t\t\t\t\t\t\t\t\t<\/div>\n\t\t\t\t\t\t\t\t<\/div>\n\t\t\t\t\t\t\t\t<div class=\"col-md-12\">\n\t\t\t\t\t\t\t\t\t<div class=\"register-lastname\">\n\t\t\t\t\t\t\t\t\t\t<label>Pavard\u0117<\/label>\n\t\t\t\t\t\t\t\t\t\t<div class=\"input-group mb-3\">\n\t\t\t\t\t\t\t\t\t\t\t<span class=\"input-group-text\"><i class=\"iconly-Add-User icli\"><\/i><\/span>\n\t\t\t\t\t\t\t\t\t\t\t<input class=\"form-control\" name=\"socialv_user_last\" id=\"socialv_user_last\" type=\"text\" placeholder=\"Pavard\u0117\" required \/>\n\t\t\t\t\t\t\t\t\t\t<\/div>\n\t\t\t\t\t\t\t\t\t<\/div>\n\t\t\t\t\t\t\t\t<\/div>\n\t\t\t\t\t\t\t\t<div class=\"col-md-12\">\n\t\t\t\t\t\t\t\t\t<div class=\"register-username\">\n\t\t\t\t\t\t\t\t\t\t<label>Vartotojo vardas<\/label>\n\t\t\t\t\t\t\t\t\t\t<div class=\"input-group mb-3\">\n\t\t\t\t\t\t\t\t\t\t\t<span class=\"input-group-text\"><i class=\"iconly-Add-User icli\"><\/i><\/span>\n\t\t\t\t\t\t\t\t\t\t\t<input class=\"form-control\" name=\"socialv_user_login\" id=\"socialv_user_login\" class=\"required\" type=\"text\" placeholder=\"Vartotojo vardas\" required \/>\n\t\t\t\t\t\t\t\t\t\t<\/div>\n\t\t\t\t\t\t\t\t\t<\/div>\n\t\t\t\t\t\t\t\t<\/div>\n\t\t\t\t\t\t\t\t<div class=\"col-md-12\">\n\t\t\t\t\t\t\t\t\t<div class=\"register-emailname\">\n\t\t\t\t\t\t\t\t\t\t<label>El. pa\u0161tas*<\/label>\n\t\t\t\t\t\t\t\t\t\t<div class=\"input-group mb-3\">\n\t\t\t\t\t\t\t\t\t\t\t<span class=\"input-group-text\"><i class=\"iconly-Message icli\"><\/i><\/span>\n\t\t\t\t\t\t\t\t\t\t\t<input class=\"form-control\" name=\"socialv_user_email\" id=\"socialv_user_email\" class=\"required\" type=\"email\" placeholder=\"El. pa\u0161tas\" required \/>\n\t\t\t\t\t\t\t\t\t\t<\/div>\n\t\t\t\t\t\t\t\t\t<\/div>\n\t\t\t\t\t\t\t\t<\/div>\n\t\t\t\t\t\t\t\t<div class=\"col-md-12\">\n\t\t\t\t\t\t\t\t\t<div class=\"register-password\">\n\t\t\t\t\t\t\t\t\t\t<label>Slapta\u017eodis<\/label>\n\t\t\t\t\t\t\t\t\t\t<div class=\"input-group mb-3\">\n\t\t\t\t\t\t\t\t\t\t\t<span class=\"input-group-text\"><i class=\"iconly-Lock icli\"><\/i><\/span>\n\t\t\t\t\t\t\t\t\t\t\t<input class=\"form-control\" name=\"socialv_user_pass\" id=\"password\" class=\"required\" type=\"password\" placeholder=\"Slapta\u017eodis\" required \/>\n\t\t\t\t\t\t\t\t\t\t<\/div>\n\t\t\t\t\t\t\t\t\t<\/div>\n\t\t\t\t\t\t\t\t<\/div>\n\t\t\t\t\t\t\t\t<div class=\"col-md-12\">\n\t\t\t\t\t\t\t\t\t<div class=\"register-username\">\n\t\t\t\t\t\t\t\t\t\t<label>Patvirtinti slapta\u017eod\u012f<\/label>\n\t\t\t\t\t\t\t\t\t\t<div class=\"input-group mb-3\">\n\t\t\t\t\t\t\t\t\t\t\t<span class=\"input-group-text\"><i class=\"iconly-Lock icli\"><\/i><\/span>\n\t\t\t\t\t\t\t\t\t\t\t<input class=\"form-control\" name=\"socialv_user_pass_confirm\" id=\"password_again\" class=\"required\" type=\"password\" placeholder=\"Patvirtinti slapta\u017eod\u012f\" required \/>\n\t\t\t\t\t\t\t\t\t\t<\/div>\n\t\t\t\t\t\t\t\t\t<\/div>\n\t\t\t\t\t\t\t\t<\/div>\n\t\t\t\t\t\t\t\t<div class=\"col-md-12 socialv-auth-button\">\n\t\t\t\t\t\t\t\t\t<input type=\"hidden\" name=\"socialv_register_nonce\" class=\"socialv-button w-100\" value=\"e841883cca\" \/>\n\t\t\t\t\t\t\t\t\t<button type=\"submit\" class=\"socialv-button w-100\" value=\"Registruotis\">Registruotis<\/button>\n\t\t\t\t\t\t\t\t<\/div>\n\t\t\t\t\t\t\t<\/div>\n\t\t\t\t\t\t<\/form>\n\t\t\t\t\t\t\t\t\t\t\t\t\t\t\t<div class=\"col-md-12 text-center\">\n\t\t\t\t\t\t<p class=\"register-link\"> Jau turite paskyr\u0105?<a id=\"user_forget_form\" href=\"https:\/\/diary.challengedyouth.eu\/login\/\" class=\"socialv-button socialv-button-link\">Prisijungimas<\/a><\/p>\n\t\t\t\t\t<\/div>\n\t\t\t\t<\/div>\n\t\t\t<\/div>\n\t\t<\/div>\n<\/div>\n\t\t\t\t<\/div>\n\t\t\t\t<\/div>\n\t\t\t\t\t<\/div>\n\t\t<\/div>\n\t\t\t\t\t\t\t<\/div>\n\t\t<\/div>\n\t\t\t\t\t<\/div>\n\t\t<\/div>\n\t\t\t\t\t\t\t<\/div>\n\t\t<\/section>\n\t\t\t\t\t\t\t<\/div>\n\t\t","protected":false},"excerpt":{"rendered":"<p>Susisiekite su pasauliu Jau seniai \u017einomas faktas, kad skaitytoj\u0105 atitrauks skaitomas turinys. Sustiprink savo draugyst\u0119 Jau seniai \u017einomas faktas, kad skaitytoj\u0105 atitrauks skaitomas turinys. Kartu yra geriau Jau seniai \u017einomas faktas, kad skaitytoj\u0105 atitrauks skaitomas turinys.<\/p>\n","protected":false},"author":1,"featured_media":0,"parent":0,"menu_order":0,"comment_status":"closed","ping_status":"closed","template":"","meta":{"footnotes":""},"class_list":["post-12338","page","type-page","status-publish","hentry"],"acf":[],"_links":{"self":[{"href":"https:\/\/diary.challengedyouth.eu\/lt\/wp-json\/wp\/v2\/pages\/12338","targetHints":{"allow":["GET"]}}],"collection":[{"href":"https:\/\/diary.challengedyouth.eu\/lt\/wp-json\/wp\/v2\/pages"}],"about":[{"href":"https:\/\/diary.challengedyouth.eu\/lt\/wp-json\/wp\/v2\/types\/page"}],"author":[{"embeddable":true,"href":"https:\/\/diary.challengedyouth.eu\/lt\/wp-json\/wp\/v2\/users\/1"}],"replies":[{"embeddable":true,"href":"https:\/\/diary.challengedyouth.eu\/lt\/wp-json\/wp\/v2\/comments?post=12338"}],"version-history":[{"count":6,"href":"https:\/\/diary.challengedyouth.eu\/lt\/wp-json\/wp\/v2\/pages\/12338\/revisions"}],"predecessor-version":[{"id":12353,"href":"https:\/\/diary.challengedyouth.eu\/lt\/wp-json\/wp\/v2\/pages\/12338\/revisions\/12353"}],"wp:attachment":[{"href":"https:\/\/diary.challengedyouth.eu\/lt\/wp-json\/wp\/v2\/media?parent=12338"}],"curies":[{"name":"wp","href":"https:\/\/api.w.org\/{rel}","templated":true}]}}