{"id":12329,"date":"2022-04-13T06:26:15","date_gmt":"2022-04-13T06:26:15","guid":{"rendered":"https:\/\/diary.challengedyouth.eu\/prisijungimas\/"},"modified":"2023-01-24T06:31:00","modified_gmt":"2023-01-24T06:31:00","slug":"prisijungimas","status":"publish","type":"page","link":"https:\/\/diary.challengedyouth.eu\/lt\/prisijungimas\/","title":{"rendered":"Prisijungimas"},"content":{"rendered":"\t\t<div data-elementor-type=\"wp-page\" data-elementor-id=\"12329\" class=\"elementor elementor-12329 elementor-234\">\n\t\t\t\t\t\t\t\t\t<section data-marvy_enable_ripples_animation=\"false\" class=\"elementor-section elementor-top-section elementor-element elementor-element-1f6d2df8 elementor-section-stretched elementor-section-full_width elementor-section-height-full elementor-section-content-middle elementor-section-height-default elementor-section-items-middle elementor-invisible\" data-id=\"1f6d2df8\" data-element_type=\"section\" data-settings=\"{&quot;stretch_section&quot;:&quot;section-stretched&quot;,&quot;animation&quot;:&quot;fadeIn&quot;,&quot;animation_delay&quot;:100,&quot;background_background&quot;:&quot;classic&quot;}\">\n\t\t\t\t\t\t<div class=\"elementor-container elementor-column-gap-default\">\n\t\t\t\t\t<div class=\"elementor-column elementor-col-50 elementor-top-column elementor-element elementor-element-778245c5 elementor-hidden-mobile\" data-id=\"778245c5\" data-element_type=\"column\">\n\t\t\t<div class=\"elementor-widget-wrap elementor-element-populated\">\n\t\t\t\t\t\t\t\t<div data-marvy_enable_ripples_animation=\"true\" data-marvy_ripples_animation_circle_color=\"#254571\" data-marvy_ripples_animation_circle_position=\"center\" data-marvy_ripples_animation_circle_size=\"170\" class=\"elementor-section elementor-inner-section elementor-element elementor-element-fd79bc7 elementor-section-height-min-height elementor-section-content-middle elementor-section-boxed elementor-section-height-default\" data-id=\"fd79bc7\" data-element_type=\"section\" data-settings=\"{&quot;background_background&quot;:&quot;classic&quot;}\">\n\t\t\t\t\t\t<div class=\"elementor-container elementor-column-gap-default\">\n\t\t\t\t\t<div class=\"elementor-column elementor-col-100 elementor-inner-column elementor-element elementor-element-ed37686\" data-id=\"ed37686\" data-element_type=\"column\">\n\t\t\t<div class=\"elementor-widget-wrap elementor-element-populated\">\n\t\t\t\t\t\t\t\t<div class=\"elementor-element elementor-element-abec05a elementor-widget elementor-widget-iqonic_imageBox\" data-id=\"abec05a\" data-element_type=\"widget\" data-widget_type=\"iqonic_imageBox.default\">\n\t\t\t\t<div class=\"elementor-widget-container\">\n\t\t\t        <div class=\"socialv-imagebox socialv-style1\">\r\n            <div class=\"socialv-image-box socialv-widget-swiper\" data-slide=\"1\" data-loop=\"true\" data-speed=\"1000\" data-spacebtslide=\"40\" data-autoplay=\"4000\" data-laptop=\"1\" data-tab=\"1\" data-mobile=\"1\" data-navnext=\"navnext_31\" data-navprev=\"navprev_31\" data-pagination=\"pagination_31\">\r\n                <ul class=\"list-inline m-0 swiper-wrapper\">\r\n                                            <li class=\"swiper-slide\">\r\n                            <div class=\" socialv-image-box-data\">\r\n                                                                    <div class=\"image-box\">\r\n                                                                                    <img decoding=\"async\" src=\"https:\/\/wordpress.iqonic.design\/product\/wp\/socialv\/wp-content\/uploads\/2022\/06\/image-1-scaled.jpg\" alt=\"Image\" loading=\"lazy\" \/>\r\n                                                                                <\/div>\r\n                                                                <div class=\"images-data-info\">\r\n                                    <h3 class=\"title\">Susisiekite su pasauliu <\/h3>                                    <p class=\"desc\">Jau seniai \u017einomas faktas, kad skaitytoj\u0105 atitrauks skaitomas turinys.<\/p>                                <\/div>\r\n                            <\/div>\r\n                        <\/li>\r\n                                            <li class=\"swiper-slide\">\r\n                            <div class=\" socialv-image-box-data\">\r\n                                                                    <div class=\"image-box\">\r\n                                                                                    <img decoding=\"async\" src=\"https:\/\/wordpress.iqonic.design\/product\/wp\/socialv\/wp-content\/uploads\/2022\/06\/image-2-scaled.jpg\" alt=\"Image\" loading=\"lazy\" \/>\r\n                                                                                <\/div>\r\n                                                                <div class=\"images-data-info\">\r\n                                    <h3 class=\"title\">Sustiprink savo draugyst\u0119 <\/h3>                                    <p class=\"desc\">Jau seniai \u017einomas faktas, kad skaitytoj\u0105 atitrauks skaitomas turinys.<\/p>                                <\/div>\r\n                            <\/div>\r\n                        <\/li>\r\n                                            <li class=\"swiper-slide\">\r\n                            <div class=\" socialv-image-box-data\">\r\n                                                                    <div class=\"image-box\">\r\n                                                                                    <img decoding=\"async\" src=\"https:\/\/wordpress.iqonic.design\/product\/wp\/socialv\/wp-content\/uploads\/2022\/06\/image-3-scaled.jpg\" alt=\"Image\" loading=\"lazy\" \/>\r\n                                                                                <\/div>\r\n                                                                <div class=\"images-data-info\">\r\n                                    <h3 class=\"title\">Kartu yra geriau <\/h3>                                    <p class=\"desc\">Jau seniai \u017einomas faktas, kad skaitytoj\u0105 atitrauks skaitomas turinys.<\/p>                                <\/div>\r\n                            <\/div>\r\n                        <\/li>\r\n                                    <\/ul>\r\n            <\/div>\r\n            <!-- Navigation start -->\r\n                            <div class=\"swiper-pagination css-prefix-pagination-align\" id=\"pagination_31\"><\/div>\r\n                    <\/div>\r\n        \t\t<\/div>\n\t\t\t\t<\/div>\n\t\t\t\t\t<\/div>\n\t\t<\/div>\n\t\t\t\t\t\t\t<\/div>\n\t\t<\/div>\n\t\t\t\t\t<\/div>\n\t\t<\/div>\n\t\t\t\t<div class=\"elementor-column elementor-col-50 elementor-top-column elementor-element elementor-element-4d216f0 socialv-background-white authpage\" data-id=\"4d216f0\" data-element_type=\"column\" data-settings=\"{&quot;background_background&quot;:&quot;classic&quot;}\">\n\t\t\t<div class=\"elementor-widget-wrap elementor-element-populated\">\n\t\t\t\t\t\t\t\t<div data-marvy_enable_ripples_animation=\"false\" class=\"elementor-section elementor-inner-section elementor-element elementor-element-b2df181 elementor-section-height-full elementor-section-content-middle elementor-section-boxed elementor-section-height-default\" data-id=\"b2df181\" data-element_type=\"section\" data-settings=\"{&quot;background_background&quot;:&quot;classic&quot;}\">\n\t\t\t\t\t\t<div class=\"elementor-container elementor-column-gap-default\">\n\t\t\t\t\t<div class=\"elementor-column elementor-col-100 elementor-inner-column elementor-element elementor-element-a68252b\" data-id=\"a68252b\" data-element_type=\"column\">\n\t\t\t<div class=\"elementor-widget-wrap elementor-element-populated\">\n\t\t\t\t\t\t\t\t<div class=\"elementor-element elementor-element-223d545 elementor-widget elementor-widget-shortcode\" data-id=\"223d545\" data-element_type=\"widget\" data-widget_type=\"shortcode.default\">\n\t\t\t\t<div class=\"elementor-widget-container\">\n\t\t\t\t\t<div class=\"elementor-shortcode\">        <div id=\"user_loginform\" class=\"card-main socialv-bp-login\">\n            <div class=\"card-inner\">\n                <div class=\"socialv-login-form\">\n                    <div class=\"socialv-info text-center\">\t\t<a class=\"navbar-brand socialv-logo  \" href=\"https:\/\/diary.challengedyouth.eu\/lt\/\">\n\t\t\t\t\t\t<div class=\"logo-main\">\n\t\t\t\t<div class=\"logo-normal\"><img decoding=\"async\" class=\"img-fluid logo\" loading=\"lazy\" src=\"https:\/\/diary.challengedyouth.eu\/wp-content\/uploads\/2022\/11\/challenged_cover3.jpg\" alt=\"socialv\"><\/div>\t\t\t<\/div>\n\t\t<\/a>\n\t<p>Welcome to Challenged Diary, challenged to connect with the social world<\/p><\/div>                    <form name=\"loginform\" id=\"loginform\" class=\"iqonic-login-form\" action=\"https:\/\/diary.challengedyouth.eu\/lt\/wp-login.php\" method=\"post\">\n                        <div class=\"iqonic-result-msg\"><\/div>\n\n                        <p class=\"login-username iqonic-data-input\">\n                            <label for=\"user_login\">Vartotojo vardas arba el. pa\u0161to adresas<\/label>\n                        <div class=\"input-group mb-3\"><span class=\"input-group-text\"><i class=\"iconly-Add-User icli\"><\/i><\/span><input type=\"text\" required=\"\" name=\"log\" class=\"userform form-control\" id=\"user_login\" autocomplete=\"username\" value=\"\" placeholder=\"Vartotojo vardas\" size=\"20\"><\/div>\n                        <\/p>\n                        <p class=\"login-password\">\n                            <label for=\"user_pass\">J\u016bs\u0173 slapta\u017eodis<\/label>\n                        <div class=\"input-group mb-3\"><span class=\"input-group-text\"><i class=\"iconly-Lock icli\"><\/i><\/span>\n                            <input type=\"password\" required=\"\" name=\"pwd\" class=\"password form-control\" placeholder=\"Slapta\u017eodis\" id=\"user_pass\" autocomplete=\"current-password\" value=\"\" size=\"20\">\n                        <\/div>\n                        <\/p>\n                        <div class=\"d-flex flex-sm-row justify-content-between align-items-center\">\n                            <p class=\"login-remember\"><label><input name=\"rememberme\" type=\"checkbox\" id=\"rememberme\" value=\"forever\"> Prisimink mane<\/label><\/p>\n                            \n                            <a id=\"user_changepass\" href=\"https:\/\/diary.challengedyouth.eu\/forget-password\/\" class=\"forgot-pwd\">Pamir\u0161ote slapta\u017eod\u012f?<\/a>\n                        <\/div>\n                        <p class=\"login-submit\">\n                            <button id=\"wp-submit\" class=\"w-100 socialv-button iqonic-data-input\" type=\"submit\" value=\"Prisijungti\">Prisijungti<\/button>\n                        <\/p>\n                        <input type=\"hidden\" name=\"iq_form_type\" value=\"login\" \/>\n                                                    <input type=\"hidden\" id=\"socialv_ajax_login_popup_nonce\" name=\"socialv_ajax_login_popup_nonce\" value=\"e39b43b69f\" \/><input type=\"hidden\" name=\"_wp_http_referer\" value=\"\/lt\/wp-json\/wp\/v2\/pages\/12329\" \/>                        \n                    <\/form>\n                                        <div class=\"text-center register-link\">\n                        Neturite paskyros?<a id=\"user_register_form\" href=\"https:\/\/diary.challengedyouth.eu\/sign-up\/\">\n                            U\u017esiregistruoti                        <\/a>\n                    <\/div>\n\n                <\/div>\n            <\/div>\n        <\/div>\n<\/div>\n\t\t\t\t<\/div>\n\t\t\t\t<\/div>\n\t\t\t\t\t<\/div>\n\t\t<\/div>\n\t\t\t\t\t\t\t<\/div>\n\t\t<\/div>\n\t\t\t\t\t<\/div>\n\t\t<\/div>\n\t\t\t\t\t\t\t<\/div>\n\t\t<\/section>\n\t\t\t\t\t\t\t<\/div>\n\t\t","protected":false},"excerpt":{"rendered":"<p>Susisiekite su pasauliu Jau seniai \u017einomas faktas, kad skaitytoj\u0105 atitrauks skaitomas turinys. Sustiprink savo draugyst\u0119 Jau seniai \u017einomas faktas, kad skaitytoj\u0105 atitrauks skaitomas turinys. Kartu yra geriau Jau seniai \u017einomas faktas, kad skaitytoj\u0105 atitrauks skaitomas turinys.<\/p>\n","protected":false},"author":1,"featured_media":0,"parent":0,"menu_order":0,"comment_status":"closed","ping_status":"closed","template":"","meta":{"footnotes":""},"class_list":["post-12329","page","type-page","status-publish","hentry"],"acf":[],"_links":{"self":[{"href":"https:\/\/diary.challengedyouth.eu\/lt\/wp-json\/wp\/v2\/pages\/12329","targetHints":{"allow":["GET"]}}],"collection":[{"href":"https:\/\/diary.challengedyouth.eu\/lt\/wp-json\/wp\/v2\/pages"}],"about":[{"href":"https:\/\/diary.challengedyouth.eu\/lt\/wp-json\/wp\/v2\/types\/page"}],"author":[{"embeddable":true,"href":"https:\/\/diary.challengedyouth.eu\/lt\/wp-json\/wp\/v2\/users\/1"}],"replies":[{"embeddable":true,"href":"https:\/\/diary.challengedyouth.eu\/lt\/wp-json\/wp\/v2\/comments?post=12329"}],"version-history":[{"count":8,"href":"https:\/\/diary.challengedyouth.eu\/lt\/wp-json\/wp\/v2\/pages\/12329\/revisions"}],"predecessor-version":[{"id":12346,"href":"https:\/\/diary.challengedyouth.eu\/lt\/wp-json\/wp\/v2\/pages\/12329\/revisions\/12346"}],"wp:attachment":[{"href":"https:\/\/diary.challengedyouth.eu\/lt\/wp-json\/wp\/v2\/media?parent=12329"}],"curies":[{"name":"wp","href":"https:\/\/api.w.org\/{rel}","templated":true}]}}